{"id":3891,"date":"2023-10-26T20:54:56","date_gmt":"2023-10-26T18:54:56","guid":{"rendered":"https:\/\/www.expatcenter.hu\/we-offer-a-100-satisfaction-guarantee\/"},"modified":"2023-11-22T20:32:08","modified_gmt":"2023-11-22T19:32:08","slug":"guarantee","status":"publish","type":"page","link":"https:\/\/www.expatcenter.hu\/en\/guarantee\/","title":{"rendered":"We offer a 100% satisfaction guarantee"},"content":{"rendered":"<div class=\"wpb-content-wrapper\"><p>[vc_section full_width=&#8221;stretch_row_content&#8221; parallax=&#8221;content-moving&#8221; parallax_image=&#8221;3331&#8243; conditional_render=&#8221;%5B%7B%22value_role%22%3A%22administrator%22%7D%5D&#8221; css=&#8221;.vc_custom_1698345684746{margin-top: 0px !important;margin-bottom: 0px !important;padding-top: 0px !important;padding-bottom: 0px !important;}&#8221; el_class=&#8221;szolgaltatas-hero&#8221;][vc_row css=&#8221;.vc_custom_1697987631348{margin-top: 0px !important;margin-bottom: 0px !important;padding-top: 0px !important;padding-bottom: 0px !important;}&#8221; conditional_render=&#8221;%5B%7B%22value_role%22%3A%22administrator%22%7D%5D&#8221;][vc_column][vc_empty_space height=&#8221;100px&#8221; el_class=&#8221;service-hero-block&#8221;][\/vc_column][\/vc_row][\/vc_section][vc_row wrap_container=&#8221;yes&#8221; gap=&#8221;35&#8243; content_placement=&#8221;middle&#8221; conditional_render=&#8221;%5B%7B%22value_role%22%3A%22administrator%22%7D%5D&#8221; css=&#8221;.vc_custom_1698346460216{margin-bottom: 0px !important;padding-top: 70px !important;padding-bottom: 70px !important;}&#8221; el_class=&#8221;container-medium mb-0&#8243;][vc_column conditional_render=&#8221;%5B%7B%22value_role%22%3A%22administrator%22%7D%5D&#8221; offset=&#8221;vc_col-md-8&#8243; el_class=&#8221;left&#8221;][vc_custom_heading text=&#8221;We provide a 100% satisfaction guarantee for the performance of our consultants.&#8221; use_theme_fonts=&#8221;yes&#8221;][vc_custom_heading text=&#8221;We train our team members ourselves, so we have complete trust in their expertise.&#8221; font_container=&#8221;tag:p|text_align:left&#8221; use_theme_fonts=&#8221;yes&#8221; font_weight=&#8221;600&#8243; css=&#8221;.vc_custom_1698345808714{margin-bottom: 28px !important;}&#8221;][vc_custom_heading text=&#8221;If any issues arise due to an error on the part of Expat-Center, we immediately rectify them, and the affected item will not be invoiced.&#8221; font_container=&#8221;tag:p|text_align:left&#8221; use_theme_fonts=&#8221;yes&#8221; css=&#8221;.vc_custom_1698345817663{margin-bottom: 28px !important;}&#8221;][\/vc_column][vc_column offset=&#8221;vc_col-md-4&#8243; conditional_render=&#8221;%5B%7B%22value_role%22%3A%22administrator%22%7D%5D&#8221; el_class=&#8221;right&#8221;][vc_single_image image=&#8221;3346&#8243; img_size=&#8221;full&#8221; alignment=&#8221;center&#8221; el_class=&#8221;mb-0&#8243;][\/vc_column][\/vc_row][vc_row full_width=&#8221;stretch_row_content&#8221; conditional_render=&#8221;%5B%7B%22value_role%22%3A%22administrator%22%7D%5D&#8221;][vc_column]<div class=\"porto-block\" data-id=\"4045\"><style>.vc_custom_1698686453080{padding-top: 60px !important;background-color: #f3f8ff !important;}.vc_custom_1698687677501{background-color: #f3f8ff !important;}.vc_custom_1698686468529{background-color: #f3f8ff !important;}.vc_custom_1700755930054{margin-bottom: 30px !important;}.vc_custom_1700755942962{margin-bottom: 30px !important;}.vc_custom_1700755963960{margin-bottom: 30px !important;}.vc_custom_1700755981821{margin-bottom: 30px !important;}.vc_custom_1700756007694{margin-bottom: 30px !important;}.vc_custom_1700756037041{margin-bottom: 30px !important;}.vc_custom_1700248414388{padding-top: 1rem !important;padding-right: 3rem !important;padding-bottom: 1rem !important;padding-left: 3rem !important;}.wpb_custom_1070331f5243ce548a29bff7723e3d58 .owl-item:not(.active){opacity: 0.5}.wpb_custom_1070331f5243ce548a29bff7723e3d58{--porto-el-spacing: 30px;}.wpb_custom_1070331f5243ce548a29bff7723e3d58 .owl-stage{display: flex;align-items: \/;}.wpb_custom_1070331f5243ce548a29bff7723e3d58 .owl-dots:not(.disabled){display: block !important;}.wpb_custom_7915d0380b6f41617ef20ff87b9566c0 .porto-sicon-description{font-size:18px;}.wpb_custom_45ae3bbdf17d7b3d879cee40f91eb57e.porto-btn{font-weight:500;font-size:18px;letter-spacing:0.5px;line-height:1.5em;}.wpb_custom_6d7e7960860379b19bd74c3b7b01884d .testimonial-author strong{font-weight:700;font-size:1rem;line-height:1.2em;}.wpb_custom_6d7e7960860379b19bd74c3b7b01884d .testimonial-author span{font-weight:600;font-size:0.8rem;line-height:1.2em;}.wpb_custom_6d7e7960860379b19bd74c3b7b01884d .testimonial-author img{max-width: 55px;}.wpb_custom_6d7e7960860379b19bd74c3b7b01884d .testimonial-with-quotes img{width: 55px;}.wpb_custom_6d7e7960860379b19bd74c3b7b01884d .testimonial-author img, .wpb_custom_6d7e7960860379b19bd74c3b7b01884d .testimonial-with-quotes img{}.wpb_custom_6d7e7960860379b19bd74c3b7b01884d .testimonial blockquote p{font-size:18px;line-height:1.6em;}.wpb_custom_6d7e7960860379b19bd74c3b7b01884d .testimonial blockquote{padding-top: 9px;padding-right: 36px;padding-bottom: 9px;padding-left: 32px;}.wpb_custom_6d7e7960860379b19bd74c3b7b01884d .testimonial blockquote:before, .wpb_custom_6d7e7960860379b19bd74c3b7b01884d .testimonial blockquote:after{color: #ffffff;}.owl-stage {\r\n    padding: 60px 40px;\r\n}\r\n\r\n.porto-sicon-box {\r\n    height: 100%;\r\n}\r\n\r\n.rating-star {\r\n    margin-top: 30px;\r\n}<\/style>[vc_row wrap_container=\"yes\" conditional_render=\"%5B%7B%22value_role%22%3A%22administrator%22%7D%5D\" el_class=\"mb-0\" css=\".vc_custom_1698686453080{padding-top: 60px !important;background-color: #f3f8ff !important;}\"][vc_column][vc_custom_heading text=\"Testimonials\" font_container=\"tag:div|text_align:left\" use_theme_fonts=\"yes\" el_class=\"pre-header\"][vc_custom_heading text=\"Customer reviews\" font_container=\"tag:h2|text_align:center|line_height:1.2\" use_theme_fonts=\"yes\"][\/vc_column][\/vc_row][vc_row full_width=\"stretch_row_content_no_spaces\" wrap_container=\"yes\" conditional_render=\"%5B%7B%22value_role%22%3A%22administrator%22%7D%5D\" css=\".vc_custom_1698687677501{background-color: #f3f8ff !important;}\"][vc_column conditional_render=\"%5B%7B%22value_role%22%3A%22administrator%22%7D%5D\" el_class=\"left\"]<div class=\"porto-carousel owl-carousel has-ccols has-ccols-spacing ccols-xl-3 ccols-lg-3 ccols-md-2 ccols-sm-2 ccols-1 wpb_custom_1070331f5243ce548a29bff7723e3d58\" data-plugin-options=\"{&quot;themeConfig&quot;:true,&quot;stagePadding&quot;:0,&quot;margin&quot;:30,&quot;autoplay&quot;:&quot;yes&quot;,&quot;mouseDrag&quot;:true,&quot;touchDrag&quot;:true,&quot;autoplayTimeout&quot;:5000,&quot;autoplayHoverPause&quot;:false,&quot;items&quot;:3,&quot;xl&quot;:3,&quot;lg&quot;:3,&quot;md&quot;:2,&quot;sm&quot;:2,&quot;xs&quot;:1,&quot;nav&quot;:false,&quot;dots&quot;:&quot;yes&quot;,&quot;animateIn&quot;:&quot;&quot;,&quot;animateOut&quot;:&quot;&quot;,&quot;loop&quot;:&quot;yes&quot;,&quot;center&quot;:false,&quot;video&quot;:false,&quot;lazyLoad&quot;:false,&quot;fullscreen&quot;:false}\"><div class=\"porto-sicon-box  vc_custom_1700755930054 review  wpb_custom_7915d0380b6f41617ef20ff87b9566c0 style_1 left-icon\"><div class=\"porto-sicon-left\"><div id=\"porto-icon-115817407269e1a37b5a843\" class=\"porto-just-icon-wrapper porto-sicon-img\" style=\"font-size: 60px;\"><img decoding=\"async\" class=\"img-icon\" alt=\"Kezd\u0151lap - EXPAT-CENTER\" src=\"https:\/\/www.expatcenter.hu\/wp-content\/uploads\/2023\/10\/testimonials.png\" width=\"120\" height=\"120\" \/><\/div><\/div><div class=\"porto-sicon-body\"><div class=\"porto-sicon-header\"><h3 class=\"porto-sicon-title\" style=\"\">Bourla Muki<\/h3><p>Head of Operations, Central Europe<\/p><\/div> <!-- header --><div class=\"porto-sicon-description\" style=\"color:#252525;\">\u201eExpatcenter is a great initiative that made our move to Hungary much easier. I highly recommend. The account manager was very kind, effective and responsive; it was a pleasure working with them.\u201d<\/p>\r\n<ul class=\"d-flex mb-0 ps-0 rating-star text-color-primary\">\r\n<li class=\"fas fa-star\"><\/li>\r\n<li class=\"fas fa-star\"><\/li>\r\n<li class=\"fas fa-star\"><\/li>\r\n<li class=\"fas fa-star\"><\/li>\r\n<li class=\"fas fa-star\"><\/li>\r\n<\/ul>\r\n<p><\/div> <!-- description --><\/div><\/div><!-- porto-sicon-box --><div class=\"porto-sicon-box  vc_custom_1700755942962 review  wpb_custom_7915d0380b6f41617ef20ff87b9566c0 style_1 left-icon\"><div class=\"porto-sicon-left\"><div id=\"porto-icon-175019616569e1a37b5ac94\" class=\"porto-just-icon-wrapper porto-sicon-img\" style=\"font-size: 60px;\"><img decoding=\"async\" class=\"img-icon\" alt=\"Kezd\u0151lap - EXPAT-CENTER\" src=\"https:\/\/www.expatcenter.hu\/wp-content\/uploads\/2023\/10\/testimonials.png\" width=\"120\" height=\"120\" \/><\/div><\/div><div class=\"porto-sicon-body\"><div class=\"porto-sicon-header\"><h3 class=\"porto-sicon-title\" style=\"\">Claus-Dieter Wende<\/h3><p>Robert Bosch Kft.<\/p><\/div> <!-- header --><div class=\"porto-sicon-description\" style=\"color:#252525;\">\u201cAz\u00e9rt tudom \u00e9rt\u00e9kelni a munk\u00e1tok s\u00faly\u00e1t, mert egy m\u00e1s k\u00fclf\u00f6di orsz\u00e1gban ezt a \u201etort\u00far\u00e1t\u201d egyed\u00fcl kellet int\u00e9znem. Nagyon tetszett a rugalmas hozz\u00e1\u00e1ll\u00e1s az \u00fcgyint\u00e9z\u00e9shez, maxim\u00e1lis \u00fcgyf\u00e9lk\u00f6zpont\u00fas\u00e1g. R\u00f6viden sz\u00f3lva el\u00e9g volt al\u00e1\u00edrnom \u00e9s k\u00e9sz.\u201d<\/p>\r\n<ul class=\"d-flex mb-0 ps-0 rating-star text-color-primary\">\r\n<li class=\"fas fa-star\"><\/li>\r\n<li class=\"fas fa-star\"><\/li>\r\n<li class=\"fas fa-star\"><\/li>\r\n<li class=\"fas fa-star\"><\/li>\r\n<li class=\"fas fa-star\"><\/li>\r\n<\/ul>\r\n<p><\/div> <!-- description --><\/div><\/div><!-- porto-sicon-box --><div class=\"porto-sicon-box  vc_custom_1700755963960 review  wpb_custom_7915d0380b6f41617ef20ff87b9566c0 style_1 left-icon\"><div class=\"porto-sicon-left\"><div id=\"porto-icon-84094283669e1a37b5b096\" class=\"porto-just-icon-wrapper porto-sicon-img\" style=\"font-size: 60px;\"><img decoding=\"async\" class=\"img-icon\" alt=\"Kezd\u0151lap - EXPAT-CENTER\" src=\"https:\/\/www.expatcenter.hu\/wp-content\/uploads\/2023\/10\/testimonials.png\" width=\"120\" height=\"120\" \/><\/div><\/div><div class=\"porto-sicon-body\"><div class=\"porto-sicon-header\"><h3 class=\"porto-sicon-title\" style=\"\">Jonas Sandstr\u00f6m<\/h3><\/div> <!-- header --><div class=\"porto-sicon-description\" style=\"color:#252525;\">\u201eQuick help with getting the apartment which is exactly what I wished: good location, spacious, nice furniture, close to work..etc I liked the professional and nice handling by the account manager.\u201d<\/p>\r\n<ul class=\"d-flex mb-0 ps-0 rating-star text-color-primary\">\r\n<li class=\"fas fa-star\"><\/li>\r\n<li class=\"fas fa-star\"><\/li>\r\n<li class=\"fas fa-star\"><\/li>\r\n<li class=\"fas fa-star\"><\/li>\r\n<li class=\"fas fa-star\"><\/li>\r\n<\/ul>\r\n<p><\/div> <!-- description --><\/div><\/div><!-- porto-sicon-box --><div class=\"porto-sicon-box  vc_custom_1700755981821 review  wpb_custom_7915d0380b6f41617ef20ff87b9566c0 style_1 left-icon\"><div class=\"porto-sicon-left\"><div id=\"porto-icon-186742802869e1a37b5b47d\" class=\"porto-just-icon-wrapper porto-sicon-img\" style=\"font-size: 60px;\"><img decoding=\"async\" class=\"img-icon\" alt=\"Kezd\u0151lap - EXPAT-CENTER\" src=\"https:\/\/www.expatcenter.hu\/wp-content\/uploads\/2023\/10\/testimonials.png\" width=\"120\" height=\"120\" \/><\/div><\/div><div class=\"porto-sicon-body\"><div class=\"porto-sicon-header\"><h3 class=\"porto-sicon-title\" style=\"\">Kaseebothla Raghuveer<\/h3><\/div> <!-- header --><div class=\"porto-sicon-description\" style=\"color:#252525;\">\u201eExpat center helped me to get the Visa at the earliest possible time and before the expected time lines. The service is cordial. Thanks to Expat Center\u201d<\/p>\r\n<ul class=\"d-flex mb-0 ps-0 rating-star text-color-primary\">\r\n<li class=\"fas fa-star\"><\/li>\r\n<li class=\"fas fa-star\"><\/li>\r\n<li class=\"fas fa-star\"><\/li>\r\n<li class=\"fas fa-star\"><\/li>\r\n<li class=\"fas fa-star\"><\/li>\r\n<\/ul>\r\n<p><\/div> <!-- description --><\/div><\/div><!-- porto-sicon-box --><div class=\"porto-sicon-box  vc_custom_1700756007694 review  wpb_custom_7915d0380b6f41617ef20ff87b9566c0 style_1 left-icon\"><div class=\"porto-sicon-left\"><div id=\"porto-icon-24625781469e1a37b5b86a\" class=\"porto-just-icon-wrapper porto-sicon-img\" style=\"font-size: 60px;\"><img decoding=\"async\" class=\"img-icon\" alt=\"Kezd\u0151lap - EXPAT-CENTER\" src=\"https:\/\/www.expatcenter.hu\/wp-content\/uploads\/2023\/10\/testimonials.png\" width=\"120\" height=\"120\" \/><\/div><\/div><div class=\"porto-sicon-body\"><div class=\"porto-sicon-header\"><h3 class=\"porto-sicon-title\" style=\"\">Trey Shaw<\/h3><p>IMB<\/p><\/div> <!-- header --><div class=\"porto-sicon-description\" style=\"color:#252525;\">\u201eGy\u00f6rgyi made everything very easy for us. The service we received was much better than the service we used last time.\u201d<\/p>\r\n<ul class=\"d-flex mb-0 ps-0 rating-star text-color-primary\">\r\n<li class=\"fas fa-star\"><\/li>\r\n<li class=\"fas fa-star\"><\/li>\r\n<li class=\"fas fa-star\"><\/li>\r\n<li class=\"fas fa-star\"><\/li>\r\n<li class=\"fas fa-star\"><\/li>\r\n<\/ul>\r\n<p><\/div> <!-- description --><\/div><\/div><!-- porto-sicon-box --><div class=\"porto-sicon-box  vc_custom_1700756037041 review  wpb_custom_7915d0380b6f41617ef20ff87b9566c0 style_1 left-icon\"><div class=\"porto-sicon-left\"><div id=\"porto-icon-6824831369e1a37b5bc55\" class=\"porto-just-icon-wrapper porto-sicon-img\" style=\"font-size: 60px;\"><img decoding=\"async\" class=\"img-icon\" alt=\"Kezd\u0151lap - EXPAT-CENTER\" src=\"https:\/\/www.expatcenter.hu\/wp-content\/uploads\/2023\/10\/testimonials.png\" width=\"120\" height=\"120\" \/><\/div><\/div><div class=\"porto-sicon-body\"><div class=\"porto-sicon-header\"><h3 class=\"porto-sicon-title\" style=\"\">Martine H\u00f6rner<\/h3><p>The Walt Disney Co<\/p><\/div> <!-- header --><div class=\"porto-sicon-description\" style=\"color:#252525;\">\u201eI found the flat very quickly and my account manager was very good in the negotiations with the owner, he solved most of the issues quite quickly.\u201d<\/p>\r\n<ul class=\"d-flex mb-0 ps-0 rating-star text-color-primary\">\r\n<li class=\"fas fa-star\"><\/li>\r\n<li class=\"fas fa-star\"><\/li>\r\n<li class=\"fas fa-star\"><\/li>\r\n<li class=\"fas fa-star\"><\/li>\r\n<li class=\"fas fa-star\"><\/li>\r\n<\/ul>\r\n<p><\/div> <!-- description --><\/div><\/div><!-- porto-sicon-box --><\/div>[\/vc_column][\/vc_row][vc_row conditional_render=\"%5B%7B%22value_role%22%3A%22administrator%22%7D%5D\" css=\".vc_custom_1698686468529{background-color: #f3f8ff !important;}\"][vc_column]<div class=\"porto-btn-ctn-center btn-dash\"><a class=\"porto-btn  vc_custom_1700248414388 porto-adjust-bottom-margin porto-btn-normal porto-btn-no-hover-bg   wpb_custom_45ae3bbdf17d7b3d879cee40f91eb57e  porto-btn-center \" title='More reviews' rel='' href = \"https:\/\/www.expatcenter.hu\/en\/customer-reviews\/\"  data-hover=\"\" data-border-color=\"\" data-bg=\"#6dca00\" data-hover-bg=\"\" data-border-hover=\"\" data-shadow-click=\"none\" data-shadow=\"\" style=\"border:none;background: #6dca00;color: #ffffff;\"><span class=\"porto-btn-hover\"><\/span><span class=\"porto-btn-data porto-btn-text \" >More reviews<\/span><\/a><\/div>[\/vc_column][\/vc_row][vc_row gap=\"30\" disable_element=\"yes\" el_class=\"floating-testimonial mx-xl-3 mb-5\" conditional_render=\"%5B%7B%22value_role%22%3A%22administrator%22%7D%5D\"][vc_column width=\"1\/2\" floating_start_pos=\"bottom\" floating_speed=\"10.0\" el_class=\"custom-box-shadow-1 mb-4 mb-xl-0\" conditional_render=\"%5B%7B%22value_role%22%3A%22administrator%22%7D%5D\" offset=\"vc_col-xl-1\/5 vc_col-md-4 vc_col-xs-12\"]<div class=\"porto-testimonial wpb_content_element  mb-0  wpb_custom_6d7e7960860379b19bd74c3b7b01884d\"><div class=\"testimonial testimonial-style-4 testimonial-no-borders testimonial-transparent-background\"><div class=\"testimonial-author\"><div class=\"testimonial-author-thumbnail\"><img decoding=\"async\" class=\"img-responsive img-circle\" src=\"https:\/\/www.expatcenter.hu\/wp-content\/uploads\/2023\/10\/testimonials.png\" alt=\"Bopkov\u00e1 Alexandra\" width=\"120\" height=\"120\"><\/div><p><strong style=\"color:#111111\">Bopkov\u00e1 Alexandra<\/strong><span style=\"color:#666666\">IT Helpdesk Munkat\u00e1rs<\/span><\/p><\/div><blockquote><p><\/p>\r\n<p class=\"mb-4 pb-1\">\"Nagyon megb\u00edzhat\u00f3 szolg\u00e1ltat\u00e1st ny\u00fajtanak\"<\/p>\r\n<ul class=\"d-flex mb-0 ps-0 rating-star text-color-primary\">\r\n<li class=\"fas fa-star\"><\/li>\r\n<li class=\"fas fa-star\"><\/li>\r\n<li class=\"fas fa-star\"><\/li>\r\n<li class=\"fas fa-star\"><\/li>\r\n<li class=\"fas fa-star\"><\/li>\r\n<\/ul>\r\n<p><\/p><\/blockquote><\/div><\/div>[\/vc_column][vc_column width=\"1\/2\" floating_start_pos=\"top\" floating_speed=\"10.0\" offset=\"vc_col-xl-1\/5 vc_col-md-4 vc_col-xs-12\" conditional_render=\"%5B%7B%22value_role%22%3A%22administrator%22%7D%5D\" el_class=\"custom-box-shadow-1 mb-4 mb-xl-0\"]<div class=\"porto-testimonial wpb_content_element  mb-0  wpb_custom_6d7e7960860379b19bd74c3b7b01884d\"><div class=\"testimonial testimonial-style-4 testimonial-no-borders testimonial-transparent-background\"><div class=\"testimonial-author\"><div class=\"testimonial-author-thumbnail\"><img decoding=\"async\" class=\"img-responsive img-circle\" src=\"https:\/\/www.expatcenter.hu\/wp-content\/uploads\/2023\/10\/testimonials.png\" alt=\"Nadiia Kalabishka\" width=\"120\" height=\"120\"><\/div><p><strong style=\"color:#111111\">Nadiia Kalabishka<\/strong><span style=\"color:#666666\">Szoftverfejleszt\u0151<\/span><\/p><\/div><blockquote><p><\/p>\r\n<p class=\"mb-4 pb-1\">\"Tetszett a pontoss\u00e1g, a kedvess\u00e9g \u00e9s a gyors int\u00e9zked\u00e9s\"<\/p>\r\n<ul class=\"d-flex mb-0 ps-0 rating-star text-color-primary\">\r\n<li class=\"fas fa-star\"><\/li>\r\n<li class=\"fas fa-star\"><\/li>\r\n<li class=\"fas fa-star\"><\/li>\r\n<li class=\"fas fa-star\"><\/li>\r\n<li class=\"fas fa-star\"><\/li>\r\n<\/ul>\r\n<p><\/p><\/blockquote><\/div><\/div>[\/vc_column][vc_column width=\"1\/2\" floating_start_pos=\"bottom\" floating_speed=\"10.0\" offset=\"vc_col-xl-1\/5 vc_col-md-4 vc_col-xs-12\" conditional_render=\"%5B%7B%22value_role%22%3A%22administrator%22%7D%5D\" el_class=\"custom-box-shadow-1 mb-4 mb-xl-0\"]<div class=\"porto-testimonial wpb_content_element  mb-0  wpb_custom_6d7e7960860379b19bd74c3b7b01884d\"><div class=\"testimonial testimonial-style-4 testimonial-no-borders testimonial-transparent-background\"><div class=\"testimonial-author\"><div class=\"testimonial-author-thumbnail\"><img decoding=\"async\" class=\"img-responsive img-circle\" src=\"https:\/\/www.expatcenter.hu\/wp-content\/uploads\/2023\/10\/testimonials.png\" alt=\"Izs\u00f3f P\u00e9ter\" width=\"120\" height=\"120\"><\/div><p><strong style=\"color:#111111\">Izs\u00f3f P\u00e9ter<\/strong><span style=\"color:#666666\">AAA Aut\u00f3<\/span><\/p><\/div><blockquote><p><\/p>\r\n<p class=\"mb-4 pb-1\">\"Az\u00e9rt tudom \u00e9rt\u00e9kelni a munk\u00e1tok s\u00faly\u00e1t, mert egy m\u00e1s k\u00fclf\u00f6di orsz\u00e1gban ezt a \u201etort\u00far\u00e1t\u201d egyed\u00fcl kellet int\u00e9znem. Nagyon tetszett a rugalmas hozz\u00e1\u00e1ll\u00e1s az \u00fcgyint\u00e9z\u00e9shez, maxim\u00e1lis \u00fcgyf\u00e9lk\u00f6zpont\u00fas\u00e1g. R\u00f6viden sz\u00f3lva el\u00e9g volt al\u00e1\u00edrnom \u00e9s k\u00e9sz.\"<\/p>\r\n<ul class=\"d-flex mb-0 ps-0 rating-star text-color-primary\">\r\n<li class=\"fas fa-star\"><\/li>\r\n<li class=\"fas fa-star\"><\/li>\r\n<li class=\"fas fa-star\"><\/li>\r\n<li class=\"fas fa-star\"><\/li>\r\n<li class=\"fas fa-star\"><\/li>\r\n<\/ul>\r\n<p><\/p><\/blockquote><\/div><\/div>[\/vc_column][vc_column width=\"1\/2\" floating_start_pos=\"top\" floating_speed=\"10.0\" offset=\"vc_col-xl-1\/5 vc_col-md-4 vc_col-xs-12\" conditional_render=\"%5B%7B%22value_role%22%3A%22administrator%22%7D%5D\" el_class=\"custom-box-shadow-1 mb-4 mb-xl-0\"]<div class=\"porto-testimonial wpb_content_element  mb-0  wpb_custom_6d7e7960860379b19bd74c3b7b01884d\"><div class=\"testimonial testimonial-style-4 testimonial-no-borders testimonial-transparent-background\"><div class=\"testimonial-author\"><div class=\"testimonial-author-thumbnail\"><img decoding=\"async\" class=\"img-responsive img-circle\" src=\"https:\/\/www.expatcenter.hu\/wp-content\/uploads\/2023\/10\/testimonials.png\" alt=\"Preteseille T\u00fcnde\" width=\"120\" height=\"120\"><\/div><p><strong style=\"color:#111111\">Preteseille T\u00fcnde<\/strong><span style=\"color:#666666\">\u00dcgyf\u00e9lszolg\u00e1lati Munkat\u00e1rs, EDS<\/span><\/p><\/div><blockquote><p><\/p>\r\n<p class=\"mb-4 pb-1\">\"Ami a legjobban tetszett, hogy telefonon \u00e9s e-mailben is \u00e9rtes\u00edtettetek mindenr\u00f5l, \u00e9s mindig a munkahelyemen adt\u00e1tok \u00e1t a k\u00fcl\u00f6nb\u00f6z\u00f5 k\u00e1rty\u00e1imat, \u00edgy soha nem kellett hi\u00e1nyoznom.\"<\/p>\r\n<ul class=\"d-flex mb-0 ps-0 rating-star text-color-primary\">\r\n<li class=\"fas fa-star\"><\/li>\r\n<li class=\"fas fa-star\"><\/li>\r\n<li class=\"fas fa-star\"><\/li>\r\n<li class=\"fas fa-star\"><\/li>\r\n<li class=\"fas fa-star\"><\/li>\r\n<\/ul>\r\n<p><\/p><\/blockquote><\/div><\/div>[\/vc_column][vc_column width=\"1\/2\" floating_start_pos=\"bottom\" floating_speed=\"10.0\" offset=\"vc_col-xl-1\/5 vc_col-md-4 vc_col-xs-12\" conditional_render=\"%5B%7B%22value_role%22%3A%22administrator%22%7D%5D\" el_class=\"custom-box-shadow-1 mb-4 mb-xl-0\"]<div class=\"porto-testimonial wpb_content_element  mb-0  wpb_custom_6d7e7960860379b19bd74c3b7b01884d\"><div class=\"testimonial testimonial-style-4 testimonial-no-borders testimonial-transparent-background\"><div class=\"testimonial-author\"><div class=\"testimonial-author-thumbnail\"><img decoding=\"async\" class=\"img-responsive img-circle\" src=\"https:\/\/www.expatcenter.hu\/wp-content\/uploads\/2023\/10\/testimonials.png\" alt=\"Shpenyk Vintse\" width=\"120\" height=\"120\"><\/div><p><strong style=\"color:#111111\">Shpenyk Vintse<\/strong><span style=\"color:#666666\">Szoftverfejleszt\u0151<\/span><\/p><\/div><blockquote><p><\/p>\r\n<p class=\"mb-4 pb-1\">\"Seg\u00edt\u0151k\u00e9szek voltak \u00e9s v\u00e9gig t\u00e1j\u00e9koztattak az \u00fcgyvitelr\u0151l.\"<\/p>\r\n<ul class=\"d-flex mb-0 ps-0 rating-star text-color-primary\">\r\n<li class=\"fas fa-star\"><\/li>\r\n<li class=\"fas fa-star\"><\/li>\r\n<li class=\"fas fa-star\"><\/li>\r\n<li class=\"fas fa-star\"><\/li>\r\n<li class=\"fas fa-star\"><\/li>\r\n<\/ul>\r\n<p><\/p><\/blockquote><\/div><\/div>[\/vc_column][\/vc_row]<\/div>[\/vc_column][\/vc_row][vc_row full_width=&#8221;stretch_row_content_no_spaces&#8221; css=&#8221;.vc_custom_1698346052057{background-color: #f3f8ff !important;}&#8221; conditional_render=&#8221;%5B%7B%22value_role%22%3A%22administrator%22%7D%5D&#8221;][vc_column][vc_empty_space height=&#8221;170px&#8221;][\/vc_column][\/vc_row]<\/p>\n<\/div>","protected":false},"excerpt":{"rendered":"<p>[vc_section full_width=&#8221;stretch_row_content&#8221; parallax=&#8221;content-moving&#8221; parallax_image=&#8221;3331&#8243; conditional_render=&#8221;%5B%7B%22value_role%22%3A%22administrator%22%7D%5D&#8221; css=&#8221;.vc_custom_1698345684746{margin-top: 0px !important;margin-bottom: 0px !important;padding-top: 0px !important;padding-bottom: 0px !important;}&#8221; el_class=&#8221;szolgaltatas-hero&#8221;][vc_row css=&#8221;.vc_custom_1697987631348{margin-top: 0px !important;margin-bottom: 0px !important;padding-top: 0px !important;padding-bottom: 0px !important;}&#8221; conditional_render=&#8221;%5B%7B%22value_role%22%3A%22administrator%22%7D%5D&#8221;][vc_column][vc_empty_space height=&#8221;100px&#8221; el_class=&#8221;service-hero-block&#8221;][\/vc_column][\/vc_row][\/vc_section][vc_row wrap_container=&#8221;yes&#8221; gap=&#8221;35&#8243; content_placement=&#8221;middle&#8221; conditional_render=&#8221;%5B%7B%22value_role%22%3A%22administrator%22%7D%5D&#8221; css=&#8221;.vc_custom_1698346460216{margin-bottom: 0px !important;padding-top: 70px !important;padding-bottom: 70px !important;}&#8221; el_class=&#8221;container-medium mb-0&#8243;][vc_column conditional_render=&#8221;%5B%7B%22value_role%22%3A%22administrator%22%7D%5D&#8221; offset=&#8221;vc_col-md-8&#8243; el_class=&#8221;left&#8221;][vc_custom_heading text=&#8221;We provide a 100% satisfaction guarantee for the performance of our consultants.&#8221; [&hellip;]<\/p>\n","protected":false},"author":1,"featured_media":0,"parent":0,"menu_order":0,"comment_status":"closed","ping_status":"closed","template":"","meta":{"footnotes":""},"class_list":["post-3891","page","type-page","status-publish","hentry"],"_links":{"self":[{"href":"https:\/\/www.expatcenter.hu\/en\/wp-json\/wp\/v2\/pages\/3891","targetHints":{"allow":["GET"]}}],"collection":[{"href":"https:\/\/www.expatcenter.hu\/en\/wp-json\/wp\/v2\/pages"}],"about":[{"href":"https:\/\/www.expatcenter.hu\/en\/wp-json\/wp\/v2\/types\/page"}],"author":[{"embeddable":true,"href":"https:\/\/www.expatcenter.hu\/en\/wp-json\/wp\/v2\/users\/1"}],"replies":[{"embeddable":true,"href":"https:\/\/www.expatcenter.hu\/en\/wp-json\/wp\/v2\/comments?post=3891"}],"version-history":[{"count":1,"href":"https:\/\/www.expatcenter.hu\/en\/wp-json\/wp\/v2\/pages\/3891\/revisions"}],"predecessor-version":[{"id":3897,"href":"https:\/\/www.expatcenter.hu\/en\/wp-json\/wp\/v2\/pages\/3891\/revisions\/3897"}],"wp:attachment":[{"href":"https:\/\/www.expatcenter.hu\/en\/wp-json\/wp\/v2\/media?parent=3891"}],"curies":[{"name":"wp","href":"https:\/\/api.w.org\/{rel}","templated":true}]}}