{"id":4043,"date":"2022-12-07T18:17:50","date_gmt":"2022-12-07T17:17:50","guid":{"rendered":"https:\/\/www.expatcenter.hu\/privacy-policy\/"},"modified":"2023-11-24T19:10:39","modified_gmt":"2023-11-24T18:10:39","slug":"privacy-statement","status":"publish","type":"page","link":"https:\/\/www.expatcenter.hu\/en\/privacy-statement\/","title":{"rendered":"Privacy Statement"},"content":{"rendered":"<div class=\"wpb-content-wrapper\"><p>[vc_row wrap_container=&#8221;yes&#8221; conditional_render=&#8221;%5B%7B%22value_role%22%3A%22administrator%22%7D%5D&#8221; css=&#8221;.vc_custom_1698690849764{padding-top: 60px !important;padding-bottom: 60px !important;}&#8221;][vc_column][vc_column_text]<\/p>\n<h3>Privacy Statement<\/h3>\n<p>Protection of the personal data provided by you is of high importance for Expat-Center. We shall treat any personal data made available by you in accordance with the current legislative provisions \u2013 on the protection of personal data and the disclosure of information of public interest (in Hungary, pursuant to Act LXIII of 1992) .<\/p>\n<h3>Newsletter<\/h3>\n<p>Purpose of data collection: sending newsletters<br \/>\nCollected data: personal data provided by data subject: name, e-mail address<br \/>\nDuration of data management: until\u00a0unsubscription<\/p>\n<h3>Websites<\/h3>\n<p>Generally you can visit Expat- Center\u2019s websites without providing any personal information, we don\u2019t store any personal data (like your IP address) of visitors.<\/p>\n<h3>Our Services<\/h3>\n<p>Purpose of data collection: offering tailor-made services to our Clients<br \/>\nCollected data: personal data provided by data subject<br \/>\nDuration of data management: termination of the contract, and the resulting obligations that may arise<\/p>\n<h3>Other data management<\/h3>\n<p>About other data management we inform you at the time of the data collection.<\/p>\n<h3>Security<\/h3>\n<p>In order to avoid unauthorized use and misuse of personal data managed by Expat- Center, we have taken comprehensive technical and operational safety measures.<br \/>\nUpon your written request Expat-Center shall inform you in 30 days on the management of your personal data.<\/p>\n<h3>Legal redress<\/h3>\n<p>Name: Nemzeti Adatv\u00e9delmi \u00e9s Inform\u00e1ci\u00f3szabads\u00e1g Hat\u00f3s\u00e1g<br \/>\nAddress: 1125 Budapest, Szil\u00e1gyi Erzs\u00e9bet fasor 22\/c<br \/>\nPhone: +36 (1) 391-1400<br \/>\nFax: +36 (1) 391-1410<br \/>\nE-mail: ugyfelszolgalat@naih.hu<\/p>\n<h3>Data handler<\/h3>\n<p>Name: Expat-Center Kft.<br \/>\nAddress: 1133 Budapest, V\u00e1ci \u00fat 76.<br \/>\nE-mail: info@expatcenter.hu<br \/>\nData Protection Registration Numbers: in progress[\/vc_column_text][\/vc_column][\/vc_row]<\/p>\n<\/div>","protected":false},"excerpt":{"rendered":"<p>[vc_row wrap_container=&#8221;yes&#8221; conditional_render=&#8221;%5B%7B%22value_role%22%3A%22administrator%22%7D%5D&#8221; css=&#8221;.vc_custom_1698690849764{padding-top: 60px !important;padding-bottom: 60px !important;}&#8221;][vc_column][vc_column_text] Privacy Statement Protection of the personal data provided by you is of high importance for Expat-Center. We shall treat any personal data made available by you in accordance with the current legislative provisions \u2013 on the protection of personal data and the disclosure of information of public [&hellip;]<\/p>\n","protected":false},"author":1,"featured_media":0,"parent":0,"menu_order":0,"comment_status":"closed","ping_status":"closed","template":"","meta":{"footnotes":""},"class_list":["post-4043","page","type-page","status-publish","hentry"],"_links":{"self":[{"href":"https:\/\/www.expatcenter.hu\/en\/wp-json\/wp\/v2\/pages\/4043","targetHints":{"allow":["GET"]}}],"collection":[{"href":"https:\/\/www.expatcenter.hu\/en\/wp-json\/wp\/v2\/pages"}],"about":[{"href":"https:\/\/www.expatcenter.hu\/en\/wp-json\/wp\/v2\/types\/page"}],"author":[{"embeddable":true,"href":"https:\/\/www.expatcenter.hu\/en\/wp-json\/wp\/v2\/users\/1"}],"replies":[{"embeddable":true,"href":"https:\/\/www.expatcenter.hu\/en\/wp-json\/wp\/v2\/comments?post=4043"}],"version-history":[{"count":2,"href":"https:\/\/www.expatcenter.hu\/en\/wp-json\/wp\/v2\/pages\/4043\/revisions"}],"predecessor-version":[{"id":4165,"href":"https:\/\/www.expatcenter.hu\/en\/wp-json\/wp\/v2\/pages\/4043\/revisions\/4165"}],"wp:attachment":[{"href":"https:\/\/www.expatcenter.hu\/en\/wp-json\/wp\/v2\/media?parent=4043"}],"curies":[{"name":"wp","href":"https:\/\/api.w.org\/{rel}","templated":true}]}}